{"id":124,"date":"2022-08-15T12:19:32","date_gmt":"2022-08-15T10:19:32","guid":{"rendered":"https:\/\/nextbike-live.pluspol-networks.de\/kroatien\/agb\/"},"modified":"2025-07-14T15:00:35","modified_gmt":"2025-07-14T13:00:35","slug":"uvjetikoristenja","status":"publish","type":"page","link":"https:\/\/www.nextbike.hr\/hr\/uvjetikoristenja\/","title":{"rendered":"Op\u0107i uvjeti kori\u0161tenja"},"content":{"rendered":"<div class=\"wpb-content-wrapper\"><p>[vc_row][vc_column][vc_column_text css=&#8221;&#8221;]<\/p>\n<h1 style=\"text-align: center\">OP\u0106I UVJETI KORI\u0160TENJA<\/h1>\n<p>[\/vc_column_text][vc_btn title=&#8221;PREUZMI OP\u0106E UVJETE KORI\u0160TENJA&#8221; color=&#8221;primary&#8221; size=&#8221;lg&#8221; align=&#8221;center&#8221; css=&#8221;&#8221; link=&#8221;url:https%3A%2F%2Fwww.nextbike.hr%2Fwp%2Fwp-content%2Fuploads%2Fsites%2F97%2F2024%2F10%2FHR_Opci_uvjeti_koristenja.pdf&#8221;][vc_column_text css=&#8221;&#8221;]<\/p>\n<h3 style=\"text-align: center\"><strong>TRO\u0160KOVNIK DODATNIH NAKNADA<\/strong><\/h3>\n<p>[\/vc_column_text][vc_btn title=&#8221;PREUZMI TRO\u0160KOVNIK&#8221; color=&#8221;primary&#8221; size=&#8221;lg&#8221; align=&#8221;center&#8221; css=&#8221;&#8221; link=&#8221;url:https%3A%2F%2Fwww.nextbike.hr%2Fmedia%2FTROSKOVNIK_DODATNIH_NAKNADA_za_nepridrzavanje_propisa_i_pravila_HR_1.pdf&#8221;][vc_column_text css=&#8221;&#8221;]<\/p>\n<nav id=\"navigation\" class=\" navigation-large navbar nextbike-navbar primary-background\">\n<div class=\"container-fluid\">\n<div class=\"navbar-content\">\n<div class=\"container container-nav\">\n<div class=\"row navigation-content-md hidden-xs hidden-sm\">\n<div class=\"navigation-content-right col-md-8 hidden-xs hidden-sm\">\n<div class=\"row\">\n<div class=\"col-md-12\" style=\"text-align: center\">Sustav javnih bicikala d.o.o. zadr\u017eava pravo promjene <a title=\"Op\u0107ih uvjeta kori\u0161tenja\" href=\"https:\/\/www.nextbike.hr\/wp\/wp-content\/uploads\/sites\/97\/2024\/10\/HR_Opci_uvjeti_koristenja.pdf\">Op\u0107ih uvjeta kori\u0161tenja\u00a0<\/a>i\u00a0<a title=\"Tro\u0161kovnik dodatnih naknada\" href=\"https:\/\/www.nextbike.hr\/wp\/wp-content\/uploads\/sites\/97\/2024\/10\/TROSKOVNIK_DODATNIH_NAKNADA_za_nepridrzavanje_propisa_i_pravila_HR_1.pdf\">Tro\u0161kovnika dodatnih naknada<\/a>\u00a0u bilo kojem trenutku te ne\u0107e biti odgovoran za mogu\u0107e posljedice koje su proiza\u0161le iz takvih promjena. Promjene stupaju na snagu objavljivanjem na Internet stranici.<\/div>\n<\/div>\n<\/div>\n<\/div>\n<\/div>\n<\/div>\n<\/div>\n<\/nav>\n<div class=\" container component\" style=\"text-align: center\">\n<div class=\"row\">\n<div class=\"col-xs-12 html-content\">\n<h3 style=\"text-align: center\">Izjava o privatnosti osobnih podataka<\/h3>\n<p>Odredbe o privatnosti osobnih podataka su detaljnije opisane u poglavlju\u00a0<a href=\"http:\/\/www.zakon.hr\/z\/182\/Zakon-o-elektroni%C4%8Dkim-komunikacijama\">XII. Zakon o elektroni\u010dkim komunikacijama<\/a><\/p>\n<p>Za\u0161tita Va\u0161ih osobnih podataka prikupljanjem, obradom i upotrebom istih putem na\u0161e web stranice je neophodan i va\u017ean dio procesa. Podaci su za\u0161ti\u0107eni u skladu s zakonskim odredbama. U nastavku mo\u017eete pro\u010ditati vi\u0161e informacija o tome koji podaci se bilje\u017ee tijekom Va\u0161e posjete na\u0161oj web stranici i na koji na\u010din \u0107e biti kori\u0161teni. Unato\u010d detaljnoj provjeri web stranice i eksternih izvora, ne odgovaramo za to\u010dnost i kompletnost prilo\u017eenih informacija.<\/p>\n<h3 style=\"text-align: center\">Prikupljanje i obrada osobnih podataka<\/h3>\n<p>Sustav javnih bicikala d.o.o. (u daljnjem tekstu: Dru\u0161tvo) po\u0161tuje privatnost svojih korisnika i posjetitelja stranice\u00a0<a href=\"http:\/\/www.nextbike.hr\/\">www.nextbike.hr<\/a>. Svi podaci iz procesa registracije te ostali podaci o korisniku koriste se isklju\u010divo u svrhu za koju su prikupljeni.<\/p>\n<p>Dru\u0161tvo ni pod kojim uvjetima ne\u0107e iste u\u010diniti dostupnima tre\u0107oj strani, osim u slu\u010daju kada je takva obaveza regulirana zakonom.<\/p>\n<p>U svrhu boljeg korisni\u010dkog iskustva te kako bi web stranica i nextbike usluge radili pravilno i imali sve funkcionalnosti koristimo kola\u010di\u0107e (cookies). Kola\u010di\u0107 je informacija spremljena na va\u0161e ra\u010dunalo od strane web stranice koju posjetite. Postavke kola\u010di\u0107a mogu se kontrolirati i konfigurirati u va\u0161em internet pregledniku. Kori\u0161tenjem web stranice i nextbike usluga dajete svoj pristanak za spremanje kola\u010di\u0107a (cookies) na va\u0161em ra\u010dunalu.<\/p>\n<p>Svaki pristup na\u0161oj web stranici i svaki poziv slu\u017ebi za korisnike bit \u0107e zabilje\u017eeni. Predmetne podatke bilje\u017eimo u svrhu sastavljanja internih statistika. Zabilje\u017eeni podaci su: ime pozvane datoteke, datum i vrijeme poziva, transfer seta podataka, tekstualna poruka nakon uspje\u0161nog zahtjeva, preglednika i web domena. Svi dodatni osobni podaci koje unesete bit \u0107e zabilje\u017eeni.<\/p>\n<h3 style=\"text-align: center\">Kori\u0161tenje i proslje\u0111ivanje osobnih podataka<\/h3>\n<p>Svi osobni podaci koje unesete bit \u0107e kori\u0161teni isklju\u010divo u svrhu odgovora na Va\u0161e upite i zahtjeve, za kompletiranje procesa registracije i aktivacije korisni\u010dkih ra\u010duna i za potrebe administracije tehni\u010dkih podataka. Predmetni podaci bit \u0107e proslije\u0111eni tre\u0107im pravnim osobama isklju\u010divo u slu\u010daju kada je to potrebno za dovr\u0161etak navedenih procesa, za potrebe jamstva isporuke usluge ili za finalizaciju pla\u0107anja. Prihva\u0107anje op\u0107ih uvjeta kori\u0161tenja neophodno je ukoliko \u017eelite koristiti nextbike uslugu, ali u svakom trenutku mo\u017eete i sami izbrisati svoj nextbike korisni\u010dki ra\u010dun. Brisanje Va\u0161ih osobnih podataka iz na\u0161e arhive dogodit \u0107e se u trenutku kada izbri\u0161ete svoj korisni\u010dki ra\u010dun ili ukoliko upotreba Va\u0161ih osobnih podataka bude na bilo koji na\u010din onemogu\u0107ena.<\/p>\n<h3 style=\"text-align: center\">Pravo na informiranje<\/h3>\n<p>Temeljem pismenog zahtjeva poslat \u0107emo Vam informacije o Va\u0161im snimljenim osobnim podacima.<\/p>\n<h3 style=\"text-align: center\">Sigurnosni savjet<\/h3>\n<p>Poduzimamo maksimalne mjere predostro\u017enosti s ciljem za\u0161tite Va\u0161ih osobnih podataka raznim tehni\u010dkim i organizacijskim metodama. Komunikacijom putem elektroni\u010dke po\u0161te nismo u mogu\u0107nosti jam\u010diti apsolutnu sigurnost podataka tako da za dostavu najva\u017enijih podataka preporu\u010damo kori\u0161tenje usluge obi\u010dne ili po mogu\u0107nosti preporu\u010dene po\u0161te.<\/p>\n<h3 style=\"text-align: center\">Mape gradova<\/h3>\n<p>Na na\u0161im stranicama koristimo Google Maps, a za lociranje nextbike stanica s biciklima koristimo uslugu Openstreetmap. Imajte na umu da se u tom pogledu pridr\u017eavamo\u00a0<a href=\"http:\/\/www.google.com\/intl\/hr_hr\/policies\/privacy\/\">Pravila o privatnosti za Google<\/a>\u00a0i\u00a0<a href=\"http:\/\/wiki.openstreetmap.org\/wiki\/Privacy_Policy\" target=\"_new\" rel=\"noopener\">Pravila o privatnosti za Openstreetmap.<\/a><\/p>\n<h3 style=\"text-align: center\">Sigurnost online kupnje<\/h3>\n<p>U svrhu obrade podataka koristimo se uslugom WorldPay pla\u0107anja usluga za ponavljaju\u0107a pla\u0107anja kreditnim karticama. Pritom se pridr\u017eavamo\u00a0<a href=\"http:\/\/www.worldpay.com\/about_us\/index.php?page=privacy&amp;c=HR\">Pravila o privatnosti za WorldPay<\/a>.<\/p>\n<h3 style=\"text-align: center\">Mogu\u0107nost pla\u0107anja<\/h3>\n<p style=\"text-align: center\"><a href=\"http:\/\/www.americanexpress.hr\/\" target=\"_blank\" rel=\"noopener noreferrer\"><img decoding=\"async\" src=\"https:\/\/www.nextbike.hr\/media\/amex_blue.png\" alt=\"\" \/><\/a>\u00a0<a href=\"http:\/\/www.mastercard.com\/index.html\" target=\"_blank\" rel=\"noopener noreferrer\"><img decoding=\"async\" src=\"https:\/\/www.nextbike.hr\/media\/master.png\" alt=\"\" \/><\/a>\u00a0<a href=\"http:\/\/www.visa.com\/globalgateway\/gg_selectcountry.jsp?retcountry=1\" target=\"_blank\" rel=\"noopener noreferrer\"><img loading=\"lazy\" decoding=\"async\" class=\"\" src=\"https:\/\/www.nextbike.hr\/media\/visa.png\" alt=\"\" width=\"102\" height=\"54\" \/><\/a>\u00a0<a href=\"http:\/\/www.diners.com.hr\/\" target=\"_blank\" rel=\"noopener noreferrer\"><img loading=\"lazy\" decoding=\"async\" class=\"\" src=\"https:\/\/www.nextbike.hr\/media\/DCI%20Logo%20horz.jpg\" alt=\"\" width=\"169\" height=\"53\" \/><\/a><\/p>\n<table class=\"aligncenter\" style=\"height: 1072px\" border=\"1\" width=\"922\" cellspacing=\"0\" cellpadding=\"0\">\n<tbody>\n<tr>\n<td valign=\"top\"><strong>American Express \u2013 Jamstvo sigurne online kupnje<\/strong><\/p>\n<p>Kad kupujete online koristite American Express karticu kako biste iskoristili sve prednosti jamstva sigurne kupnje*<\/p>\n<p><strong>Na\u0161e jamstvo<br \/>\n<\/strong>Kad koristite American Express karticu za pla\u0107anje na Internetu, ne\u0107ete biti odgovorni za tro\u0161kove eventualne zlouporabe kartice \u0161to Vam omogu\u0107uje da sigurno i bezbri\u017eno kupujete online.<\/p>\n<p>PBZ Card provodi posebne mjere za\u0161tite Va\u0161e online sigurnosti i privatnosti:<br \/>\nKoristimo najnoviju tehnologiju kako bi Va\u0161 broj kartice bio za\u0161ti\u0107en, te imamo jasno izra\u017eeno odre\u0111enje za\u0161tite privatnosti (Online Privacy Protection Policy) kojeg se dosljedno pridr\u017eavamo.<br \/>\n*usluga dostupna u odabranim zemljama po odluci izdava\u010da. Ako \u017eelite vi\u0161e informacija, molimo Vas kontaktirajte izdava\u010da Va\u0161e American Express kartice.<\/td>\n<td><a href=\"http:\/\/www.americanexpress.hr\/webtrgovina\/Jamstvo_sigurne_online_kupnje.html\"><img loading=\"lazy\" decoding=\"async\" class=\"alignleft\" src=\"https:\/\/www.nextbike.hr\/media\/american_hr.jpg\" width=\"141\" height=\"59\" \/><\/a><\/td>\n<\/tr>\n<tr>\n<td valign=\"top\"><strong>MasterCard SecureCode<br \/>\n<\/strong><br \/>\nMasterCard SecureCode\u2122 je nova usluga MasterCarda i izdavatelja Va\u0161e kartice koja Vam pru\u017ea dodatnu sigurnost prilikom online kupovine. Za kori\u0161tenje ove usluge nije Vam potrebna nova MasterCard ili Maestro\u00ae kartica. Vi birate svoj osobni MasterCard SecureCode i nikada ga ne dijelite s bilo kojim internet trgovcem. Privatni kod zna\u010di dodatnu sigurnost protiv neautorizirane upotrebe Va\u0161e kreditne ili debitne kartice kada kupujete online.Svaki puta kada pla\u0107ate online Va\u0161om MasterCard ili Maestro karticom, otvara se prozor izdavatelja Va\u0161e kartice i tra\u017ei Vas da unesete osobni SecureCode, jednako kao \u0161to vas tra\u017ei da unesete PIN na bankomatu. U samo nekoliko sekundi izdavatelj kartice potvr\u0111uje Va\u0161e podatke i omogu\u0107ava Vam da zavr\u0161ite svoju online kupovinu.<\/td>\n<td><a href=\"http:\/\/www.pbzcard.hr\/media\/53821\/mcsc_hr.html\"><img decoding=\"async\" src=\"https:\/\/www.nextbike.hr\/media\/master3d.png\" alt=\"\" \/><\/a><\/td>\n<\/tr>\n<tr>\n<td valign=\"top\"><strong>Verified by Visa<br \/>\n<\/strong><br \/>\nVerified by Visa<sup>TM<\/sup>\u00a0je nova uslugu koja Vam omogu\u0107ava online kupovinu uz dodatnu sigurnost.<br \/>\nJednostavnim postupkom Verified by Visa<sup>TM<\/sup>\u00a0Va\u0161 identitet se potvr\u0111uje prilikom kupovine u online trgovinama uklju\u010denima u program. Ovaj pogodan na\u010din kupovine mogu\u0107 je putem Va\u0161e postoje\u0107e Visa kartice.<br \/>\nOsim toga, Verified by Visa<sup>TM<\/sup>\u00a0je brz postupak. Potrebno je samo jednom registrirati svoju karticu i sastaviti svoju vlastitu lozinku. Potom, nakon obavljene kupnje u trgovinama uklju\u010denima u program, pojavit \u0107e se Verified by Visa<sup>TM<\/sup>\u00a0prozor. Jednostavno unesite svoju lozinku i kliknite na &#8220;submit&#8221;. Va\u0161 je identitet potvr\u0111en, a kupovina sigurna.<br \/>\nKako biste aktivirali Verified by Visa<sup>TM<\/sup>\u00a0na svojoj Visa kartici ili saznali vi\u0161e o ovome, kontaktirajte svoju financijsku ustanovu koja Vam je izdala Va\u0161u Visa karticu.<\/td>\n<td><a href=\"http:\/\/www.pbzcard.hr\/media\/53827\/vbv_hr.html\"><img loading=\"lazy\" decoding=\"async\" src=\"https:\/\/www.nextbike.hr\/media\/visa3d.png\" alt=\"\" width=\"100\" height=\"63\" \/><\/a><\/td>\n<\/tr>\n<tr>\n<td valign=\"top\"><strong>Diners PayOnLine<br \/>\n<\/strong><br \/>\nDiners PayOnLine je sustav za prodaju putem Interneta, a namijenjen je web trgovinama koje \u017eele omogu\u0107iti svojim kupcima kupovinu Diners Club kreditnom karticom.<br \/>\nDiners PayOnLine sustav omogu\u0107ava sigurno odobravanje i naplatu kupcima, a prodajnom mjestu daje uvid u sve odobrene transakcije kroz poseban administracijski modul. Odobravanje transakcija izvr\u0161ava se automatski, a tere\u0107enje se mo\u017ee izvr\u0161iti automatski ili ru\u010dnom potvrdom kori\u0161tenjem administracijskog modula.<\/td>\n<td><a href=\"http:\/\/www.diners.com.hr\/\"><img decoding=\"async\" src=\"https:\/\/www.nextbike.hr\/media\/logo_sigurna%20kupnja_2.1.png\" alt=\"\" \/><\/a><\/td>\n<\/tr>\n<\/tbody>\n<\/table>\n<p>&nbsp;<\/p>\n<\/div>\n<\/div>\n<\/div>\n<div id=\"footer_wrapper\" class=\" footer-wrapper primary-background\">\n<div class=\"container\">\n<div class=\"row nextbike-footer\">\n<div class=\"col-xs-12\">\n<p style=\"text-align: center\">\n<\/div>\n<\/div>\n<\/div>\n<\/div>\n<p>[\/vc_column_text][\/vc_column][\/vc_row][vc_row][vc_column][vc_column_text css=&#8221;&#8221;]<\/p>\n<h3 style=\"text-align: center\">GeoTrust\u00ae QuickSSL\u00ae Premium certificate<\/h3>\n<p style=\"text-align: center\">U dana\u0161njem svijetu sigurnost je va\u017ena. GeoTrust Quick SSL je samo jedno od rje\u0161enja poduze\u0107a GeoTrust koje je namijenjeno online potro\u0161a\u010dima i poduze\u0107ima. Stranice osigurane GeoTrust SSL certifikatom omogu\u0107avaju 256 bitnu enkripciju, \u010dime je za\u0161tita i sigurnost na najve\u0107em mogu\u0107em nivou. Ovaj certifikat potvr\u0111uje da je komunikacija izme\u0111u Va\u0161eg pretra\u017eiva\u010da i web servera ove stranice u potpunosti privatna i sigurna.<\/p>\n<p><a href=\"http:\/\/www.geotrust.com\/\"><img loading=\"lazy\" decoding=\"async\" class=\"aligncenter\" src=\"https:\/\/www.nextbike.hr\/media\/geotrust_logo.gif\" alt=\"\" width=\"175\" height=\"46\" \/><\/a><\/p>\n<h3><\/h3>\n<h3 style=\"text-align: center\">CorvusPay<\/h3>\n<p>&nbsp;<\/p>\n<p>Tajnost Va\u0161ih podataka je za\u0161ti\u0107ena i osigurana uporabom SSL enkripcije. Stranice za naplatu putem interneta osigurane su kori\u0161tenjem Secure Socket Layer (SSL) protokola sa 128\/256-bitnom enkripcijom podataka. SSL enkripcija je postupak \u0161ifriranja podataka radi sprije\u010davanja neovla\u0161tenog pristupa prilikom njihovog prijenosa. Time je omogu\u0107en siguran prijenos informacija te onemogu\u0107en nedozvoljen pristup podacima prilikom komunikacije izme\u0111u va\u0161eg ra\u010dunala i CorvusPay servisa, te obratno.<\/p>\n<p>CorvusPay servis i financijske ustanove (karti\u010dne ku\u0107e) razmjenjuju podatke uporabom virtualne privatne mre\u017ee (VPN), koja je za\u0161ti\u0107ena od neautoriziranog pristupa. Brojevi kreditnih kartica se ne pohranjuju i nisu dostupni neovla\u0161tenim osobama.<br \/>\n<a href=\"http:\/\/www.corvuspay.hr\/\"><img loading=\"lazy\" decoding=\"async\" class=\"aligncenter\" src=\"https:\/\/www.nextbike.hr\/media\/cps-logo200x100white.png\" alt=\"\" width=\"200\" height=\"100\" \/><\/a>[\/vc_column_text][\/vc_column][\/vc_row]<\/p>\n<\/div>","protected":false},"excerpt":{"rendered":"<p>[vc_row][vc_column][vc_column_text css=&#8221;&#8221;] OP\u0106I UVJETI KORI\u0160TENJA [\/vc_column_text][vc_btn title=&#8221;PREUZMI OP\u0106E UVJETE KORI\u0160TENJA&#8221; color=&#8221;primary&#8221; size=&#8221;lg&#8221; align=&#8221;center&#8221; css=&#8221;&#8221; link=&#8221;url:https%3A%2F%2Fwww.nextbike.hr%2Fwp%2Fwp-content%2Fuploads%2Fsites%2F97%2F2024%2F10%2FHR_Opci_uvjeti_koristenja.pdf&#8221;][vc_column_text css=&#8221;&#8221;] TRO\u0160KOVNIK DODATNIH NAKNADA [\/vc_column_text][vc_btn title=&#8221;PREUZMI TRO\u0160KOVNIK&#8221; color=&#8221;primary&#8221; size=&#8221;lg&#8221; align=&#8221;center&#8221; css=&#8221;&#8221; link=&#8221;url:https%3A%2F%2Fwww.nextbike.hr%2Fmedia%2FTROSKOVNIK_DODATNIH_NAKNADA_za_nepridrzavanje_propisa_i_pravila_HR_1.pdf&#8221;][vc_column_text css=&#8221;&#8221;] Sustav javnih bicikala d.o.o. zadr\u017eava pravo promjene Op\u0107ih uvjeta kori\u0161tenja\u00a0i\u00a0Tro\u0161kovnika dodatnih naknada\u00a0u bilo kojem trenutku te ne\u0107e biti odgovoran za mogu\u0107e posljedice koje su proiza\u0161le iz takvih [&hellip;]<\/p>\n","protected":false},"author":5,"featured_media":0,"parent":0,"menu_order":0,"comment_status":"closed","ping_status":"closed","template":"","meta":{"_acf_changed":false,"inline_featured_image":false,"footnotes":""},"class_list":["post-124","page","type-page","status-publish","hentry"],"acf":[],"yoast_head":"<!-- This site is optimized with the Yoast SEO plugin v27.2 - https:\/\/yoast.com\/product\/yoast-seo-wordpress\/ -->\n<title>Op\u0107i uvjeti kori\u0161tenja - Nextbike Hrvatska<\/title>\n<meta name=\"description\" content=\"Uvjeti kori\u0161tenja nextbike aplikacije, web stranice i ostalih usluga koje pru\u017ea Sustav javnih bicikala d.o.o. na podru\u010dju Republike Hrvatske.\" \/>\n<meta name=\"robots\" content=\"index, follow, max-snippet:-1, max-image-preview:large, max-video-preview:-1\" \/>\n<link rel=\"canonical\" href=\"https:\/\/www.nextbike.hr\/hr\/uvjetikoristenja\/\" \/>\n<meta property=\"og:locale\" content=\"hr_HR\" \/>\n<meta property=\"og:type\" content=\"article\" \/>\n<meta property=\"og:title\" content=\"Op\u0107i uvjeti kori\u0161tenja - Nextbike Hrvatska\" \/>\n<meta property=\"og:description\" content=\"Uvjeti kori\u0161tenja nextbike aplikacije, web stranice i ostalih usluga koje pru\u017ea Sustav javnih bicikala d.o.o. na podru\u010dju Republike Hrvatske.\" \/>\n<meta property=\"og:url\" content=\"https:\/\/www.nextbike.hr\/hr\/uvjetikoristenja\/\" \/>\n<meta property=\"og:site_name\" content=\"Nextbike Hrvatska\" \/>\n<meta property=\"article:modified_time\" content=\"2025-07-14T13:00:35+00:00\" \/>\n<meta property=\"og:image\" content=\"https:\/\/www.nextbike.hr\/media\/amex_blue.png\" \/>\n<meta name=\"twitter:card\" content=\"summary_large_image\" \/>\n<meta name=\"twitter:label1\" content=\"Est. reading time\" \/>\n\t<meta name=\"twitter:data1\" content=\"7 minutes\" \/>\n<script type=\"application\/ld+json\" class=\"yoast-schema-graph\">{\"@context\":\"https:\/\/schema.org\",\"@graph\":[{\"@type\":\"WebPage\",\"@id\":\"https:\/\/www.nextbike.hr\/hr\/uvjetikoristenja\/\",\"url\":\"https:\/\/www.nextbike.hr\/hr\/uvjetikoristenja\/\",\"name\":\"Op\u0107i uvjeti kori\u0161tenja - Nextbike Hrvatska\",\"isPartOf\":{\"@id\":\"https:\/\/www.nextbike.hr\/hr\/#website\"},\"primaryImageOfPage\":{\"@id\":\"https:\/\/www.nextbike.hr\/hr\/uvjetikoristenja\/#primaryimage\"},\"image\":{\"@id\":\"https:\/\/www.nextbike.hr\/hr\/uvjetikoristenja\/#primaryimage\"},\"thumbnailUrl\":\"https:\/\/www.nextbike.hr\/media\/amex_blue.png\",\"datePublished\":\"2022-08-15T10:19:32+00:00\",\"dateModified\":\"2025-07-14T13:00:35+00:00\",\"description\":\"Uvjeti kori\u0161tenja nextbike aplikacije, web stranice i ostalih usluga koje pru\u017ea Sustav javnih bicikala d.o.o. na podru\u010dju Republike Hrvatske.\",\"breadcrumb\":{\"@id\":\"https:\/\/www.nextbike.hr\/hr\/uvjetikoristenja\/#breadcrumb\"},\"inLanguage\":\"hr-HR\",\"potentialAction\":[{\"@type\":\"ReadAction\",\"target\":[\"https:\/\/www.nextbike.hr\/hr\/uvjetikoristenja\/\"]}]},{\"@type\":\"ImageObject\",\"inLanguage\":\"hr-HR\",\"@id\":\"https:\/\/www.nextbike.hr\/hr\/uvjetikoristenja\/#primaryimage\",\"url\":\"https:\/\/www.nextbike.hr\/media\/amex_blue.png\",\"contentUrl\":\"https:\/\/www.nextbike.hr\/media\/amex_blue.png\"},{\"@type\":\"BreadcrumbList\",\"@id\":\"https:\/\/www.nextbike.hr\/hr\/uvjetikoristenja\/#breadcrumb\",\"itemListElement\":[{\"@type\":\"ListItem\",\"position\":1,\"name\":\"Startseite\",\"item\":\"https:\/\/www.nextbike.hr\/hr\/\"},{\"@type\":\"ListItem\",\"position\":2,\"name\":\"Op\u0107i uvjeti kori\u0161tenja\"}]},{\"@type\":\"WebSite\",\"@id\":\"https:\/\/www.nextbike.hr\/hr\/#website\",\"url\":\"https:\/\/www.nextbike.hr\/hr\/\",\"name\":\"Nextbike Hrvatska\",\"description\":\"Bike Sharing by nextbike\",\"potentialAction\":[{\"@type\":\"SearchAction\",\"target\":{\"@type\":\"EntryPoint\",\"urlTemplate\":\"https:\/\/www.nextbike.hr\/hr\/?s={search_term_string}\"},\"query-input\":{\"@type\":\"PropertyValueSpecification\",\"valueRequired\":true,\"valueName\":\"search_term_string\"}}],\"inLanguage\":\"hr-HR\"}]}<\/script>\n<!-- \/ Yoast SEO plugin. -->","yoast_head_json":{"title":"Op\u0107i uvjeti kori\u0161tenja - Nextbike Hrvatska","description":"Uvjeti kori\u0161tenja nextbike aplikacije, web stranice i ostalih usluga koje pru\u017ea Sustav javnih bicikala d.o.o. na podru\u010dju Republike Hrvatske.","robots":{"index":"index","follow":"follow","max-snippet":"max-snippet:-1","max-image-preview":"max-image-preview:large","max-video-preview":"max-video-preview:-1"},"canonical":"https:\/\/www.nextbike.hr\/hr\/uvjetikoristenja\/","og_locale":"hr_HR","og_type":"article","og_title":"Op\u0107i uvjeti kori\u0161tenja - Nextbike Hrvatska","og_description":"Uvjeti kori\u0161tenja nextbike aplikacije, web stranice i ostalih usluga koje pru\u017ea Sustav javnih bicikala d.o.o. na podru\u010dju Republike Hrvatske.","og_url":"https:\/\/www.nextbike.hr\/hr\/uvjetikoristenja\/","og_site_name":"Nextbike Hrvatska","article_modified_time":"2025-07-14T13:00:35+00:00","og_image":[{"url":"https:\/\/www.nextbike.hr\/media\/amex_blue.png","type":"","width":"","height":""}],"twitter_card":"summary_large_image","twitter_misc":{"Est. reading time":"7 minutes"},"schema":{"@context":"https:\/\/schema.org","@graph":[{"@type":"WebPage","@id":"https:\/\/www.nextbike.hr\/hr\/uvjetikoristenja\/","url":"https:\/\/www.nextbike.hr\/hr\/uvjetikoristenja\/","name":"Op\u0107i uvjeti kori\u0161tenja - Nextbike Hrvatska","isPartOf":{"@id":"https:\/\/www.nextbike.hr\/hr\/#website"},"primaryImageOfPage":{"@id":"https:\/\/www.nextbike.hr\/hr\/uvjetikoristenja\/#primaryimage"},"image":{"@id":"https:\/\/www.nextbike.hr\/hr\/uvjetikoristenja\/#primaryimage"},"thumbnailUrl":"https:\/\/www.nextbike.hr\/media\/amex_blue.png","datePublished":"2022-08-15T10:19:32+00:00","dateModified":"2025-07-14T13:00:35+00:00","description":"Uvjeti kori\u0161tenja nextbike aplikacije, web stranice i ostalih usluga koje pru\u017ea Sustav javnih bicikala d.o.o. na podru\u010dju Republike Hrvatske.","breadcrumb":{"@id":"https:\/\/www.nextbike.hr\/hr\/uvjetikoristenja\/#breadcrumb"},"inLanguage":"hr-HR","potentialAction":[{"@type":"ReadAction","target":["https:\/\/www.nextbike.hr\/hr\/uvjetikoristenja\/"]}]},{"@type":"ImageObject","inLanguage":"hr-HR","@id":"https:\/\/www.nextbike.hr\/hr\/uvjetikoristenja\/#primaryimage","url":"https:\/\/www.nextbike.hr\/media\/amex_blue.png","contentUrl":"https:\/\/www.nextbike.hr\/media\/amex_blue.png"},{"@type":"BreadcrumbList","@id":"https:\/\/www.nextbike.hr\/hr\/uvjetikoristenja\/#breadcrumb","itemListElement":[{"@type":"ListItem","position":1,"name":"Startseite","item":"https:\/\/www.nextbike.hr\/hr\/"},{"@type":"ListItem","position":2,"name":"Op\u0107i uvjeti kori\u0161tenja"}]},{"@type":"WebSite","@id":"https:\/\/www.nextbike.hr\/hr\/#website","url":"https:\/\/www.nextbike.hr\/hr\/","name":"Nextbike Hrvatska","description":"Bike Sharing by nextbike","potentialAction":[{"@type":"SearchAction","target":{"@type":"EntryPoint","urlTemplate":"https:\/\/www.nextbike.hr\/hr\/?s={search_term_string}"},"query-input":{"@type":"PropertyValueSpecification","valueRequired":true,"valueName":"search_term_string"}}],"inLanguage":"hr-HR"}]}},"_links":{"self":[{"href":"https:\/\/www.nextbike.hr\/hr\/wp-json\/wp\/v2\/pages\/124","targetHints":{"allow":["GET"]}}],"collection":[{"href":"https:\/\/www.nextbike.hr\/hr\/wp-json\/wp\/v2\/pages"}],"about":[{"href":"https:\/\/www.nextbike.hr\/hr\/wp-json\/wp\/v2\/types\/page"}],"author":[{"embeddable":true,"href":"https:\/\/www.nextbike.hr\/hr\/wp-json\/wp\/v2\/users\/5"}],"replies":[{"embeddable":true,"href":"https:\/\/www.nextbike.hr\/hr\/wp-json\/wp\/v2\/comments?post=124"}],"version-history":[{"count":6,"href":"https:\/\/www.nextbike.hr\/hr\/wp-json\/wp\/v2\/pages\/124\/revisions"}],"predecessor-version":[{"id":690,"href":"https:\/\/www.nextbike.hr\/hr\/wp-json\/wp\/v2\/pages\/124\/revisions\/690"}],"wp:attachment":[{"href":"https:\/\/www.nextbike.hr\/hr\/wp-json\/wp\/v2\/media?parent=124"}],"curies":[{"name":"wp","href":"https:\/\/api.w.org\/{rel}","templated":true}]}}